{"id":120,"date":"2026-04-03T14:40:56","date_gmt":"2026-04-03T13:40:56","guid":{"rendered":"https:\/\/realsation.ch\/rollt\/?page_id=120"},"modified":"2026-04-13T20:19:24","modified_gmt":"2026-04-13T19:19:24","slug":"guarda-rollt","status":"publish","type":"page","link":"https:\/\/realsation.ch\/rollt\/guarda-rollt\/","title":{"rendered":"Guarda rollt"},"content":{"rendered":"\n<p><strong>F\u00fcr Jung und Junggebliebene<\/strong><\/p>\n\n\n\n<p>Hallo zusammen,<\/p>\n\n\n\n<p>Ein gemeinsames, lockeres Zusammenkommen f\u00fcr alle Generationen, bei dem der Spass am \u00abrollen\u00bb im Vordergrund steht!<\/p>\n\n\n\n<p><strong>Wann:<\/strong> 15. August 2026 (gegen Nachmittag)<br><strong>Was:<\/strong> alles worauf ihr rollen k\u00f6nnt (wichtig: ohne Motor!)<br><strong>Wo:<\/strong>  Guarda<\/p>\n\n\n\n<p>Ob selbstgebaute Seifenkiste, das Bobby Car, der Tretroller\u2026 Zugelassen sind alle m\u00f6glichen fahrbaren Unters\u00e4tze die nicht motorisiert sind. Der Fantasie sind keine Grenzen gesetzt! Umbauen\u2026 neu bauen\u2026 bemalen\u2026<\/p>\n\n\n\n<p><strong>Im Anschluss ans herunterrollen: Festa da Giuvent\u00fcna Guarda mit Festwirtschaft und Musik!<\/strong><\/p>\n\n\n\n<p>Es gibt<strong> keine Zeitmessung<\/strong>. Spass steht im Vordergrund.<\/p>\n\n\n\n<p><strong>Eigenverantwortung:<\/strong> \u00dcbernimmt jeder selbst, wir \u00fcbernehmen keine Haftung. Jeder ist f\u00fcr sein Gef\u00e4hrt, die Sicherheit (Helm!) und die Einhaltung der \u00abRegeln\u00bb selbst verantwortlich.<br>Kinder unter 7 Jahren nur in Begleitung von Erwachsenen.<\/p>\n\n\n\n<p>Lasst uns gemeinsam Spass haben und schauen was aus unseren Schuppen und Garagen so alles ins rollen gebracht werden kann!<\/p>\n\n\n\n<p>Wichtig f\u00fcr uns: Bitte meldet euch unten als Interessenten an! (dient erstmal nur f\u00fcr die Planung \u2013 ist keine offizielle Anmeldung).<\/p>\n\n\n\n<p>Offizielle Anmeldung online ab dem 27. Juni 2026.<\/p>\n\n\n\n<p><\/p>\n\n\n\n<p><strong>Weitere wichtige Eckdaten<\/strong>\/<strong>Regeln<\/strong>:<\/p>\n\n\n\n<p>\u2013 Genaue Startzeit wird zu einem sp\u00e4teren Zeitpunkt bekanntgegeben (je nach Anzahl der Anmeldungen).<\/p>\n\n\n\n<p>\u2013 Zugelassen sind alle m\u00f6glichen fahrbaren Unters\u00e4tze die nicht motorisiert sind.<\/p>\n\n\n\n<p>\u2013 L\u00e4ngste Strecke: Vom Plan dal N\u00f6v (Familienfeuerstelle) bis Eingang Guarda Pitschen (ca. 1.7 Kilometer lang und 170 m H\u00f6henunterschied).<\/p>\n\n\n\n<p>\u2013 Wo man starten m\u00f6chte, darf man selbst entscheiden:<br>a) Entweder ab der Feuerstelle bis Guarda Pitschen (Schotter und Asphalt) oder<br>b) ab der Kreuzung bis Guarda Pitschen (nur Asphalt).<\/p>\n\n\n\n<p>\u2013 F\u00fcr alle ist Helmpflicht.<\/p>\n\n\n\n<p>\u2013 Es wird <strong>NICHT <\/strong>auf Schnelligkeit geschaut! Sicherheit geht vor.<\/p>\n\n\n\n<p>\u2013 Gute Bremsen und Lenkung sind sehr empfohlen.<\/p>\n\n\n\n<p>\u2013 &#171;Rollkisten&#187;-Transport zum Startpunkt Plan dal N\u00f6v, kann im Voraus gebucht werden mit der Anmeldung.<\/p>\n\n\n\n<p>\u2013 Teilnahme auf <strong>eigene Gefahr<\/strong>, es wird <strong>keine Haftung<\/strong> \u00fcbernommen. <strong>Versicherung<\/strong> ist Sache des Teilnehmers!<\/p>\n\n\n\n<p>\u2013 10 Fr. pro Gef\u00e4hrt als &#171;Rollgeld&#187; (Unkostenbeitrag).<\/p>\n\n\n\n<p><\/p>\n\n\n\n<p><\/p>\n\n\n\n<p><strong>Preise zu gewinnen<\/strong><\/p>\n\n\n\n<p>Es werden die Originellsten pr\u00e4miert und Lose gezogen. <strong>Jeder <\/strong>k\u00f6nnte gewinnen!<br><\/p>\n\n\n\n<p><\/p>\n\n\n\n<div style=\"padding:20px\" class=\"wp-block-tnp-minimal\"><p><strong>F\u00fcr die Planung bitte hier als &#171;Interessent&#187; anmelden:<\/strong><br\/><\/p><div><div class=\"tnp tnp-subscription \">\n<form method=\"post\" action=\"https:\/\/realsation.ch\/rollt\/wp-admin\/admin-ajax.php?action=tnp&amp;na=s\">\n<input type=\"hidden\" name=\"nlang\" value=\"\">\n<div class=\"tnp-field tnp-field-firstname\"><label for=\"tnp-1\">Vorname<\/label>\n<input class=\"tnp-name\" type=\"text\" name=\"nn\" id=\"tnp-1\" value=\"\" placeholder=\"\" required><\/div>\n<div class=\"tnp-field tnp-field-surname\"><label for=\"tnp-2\">Nachname<\/label>\n<input class=\"tnp-surname\" type=\"text\" name=\"ns\" id=\"tnp-2\" value=\"\" placeholder=\"\" required><\/div><div class=\"tnp-field tnp-field-email\"><label for=\"tnp-3\">Email<\/label>\n<input class=\"tnp-email\" type=\"email\" name=\"ne\" id=\"tnp-3\" value=\"\" placeholder=\"\" required><\/div>\n<div class=\"tnp-field tnp-field-profile\"><label for=\"tnp-4\">Anzahl der rollenden Ger\u00e4te<\/label>\n<input class=\"tnp-profile tnp-profile-1\" id=\"tnp-profile_1\" type=\"text\" size=\"\" name=\"np1\" placeholder=\"Anzahl\" required><\/div>\n<div class=\"tnp-field tnp-field-button\" style=\"text-align: left\"><input class=\"tnp-submit\" type=\"submit\" value=\"Anmelden\" style=\"\">\n<\/div>\n<\/form>\n<\/div>\n<\/div><\/div>\n\n\n\n<figure class=\"wp-block-image aligncenter size-full is-resized\"><img loading=\"lazy\" decoding=\"async\" width=\"471\" height=\"595\" src=\"https:\/\/realsation.ch\/rollt\/wp-content\/uploads\/2026\/04\/genTierePokal_sm.jpg\" alt=\"\" class=\"wp-image-192\" style=\"width:281px;height:auto\" srcset=\"https:\/\/realsation.ch\/rollt\/wp-content\/uploads\/2026\/04\/genTierePokal_sm.jpg 471w, https:\/\/realsation.ch\/rollt\/wp-content\/uploads\/2026\/04\/genTierePokal_sm-237x300.jpg 237w\" sizes=\"auto, (max-width: 471px) 100vw, 471px\" \/><\/figure>\n\n\n\n<p><\/p>\n\n\n\n<p><\/p>\n","protected":false},"excerpt":{"rendered":"<p>F\u00fcr Jung und Junggebliebene Hallo zusammen, Ein gemeinsames, lockeres Zusammenkommen f\u00fcr alle Generationen, bei dem der Spass am \u00abrollen\u00bb im Vordergrund steht! Wann: 15. August 2026 (gegen Nachmittag)Was: alles worauf ihr rollen k\u00f6nnt (wichtig: ohne Motor!)Wo: Guarda Ob selbstgebaute Seifenkiste, das Bobby Car, der Tretroller\u2026 Zugelassen sind alle m\u00f6glichen fahrbaren Unters\u00e4tze die nicht motorisiert sind. [&hellip;]<\/p>\n","protected":false},"author":1,"featured_media":0,"parent":0,"menu_order":0,"comment_status":"closed","ping_status":"closed","template":"","meta":{"footnotes":""},"class_list":["post-120","page","type-page","status-publish","hentry"],"_links":{"self":[{"href":"https:\/\/realsation.ch\/rollt\/wp-json\/wp\/v2\/pages\/120","targetHints":{"allow":["GET"]}}],"collection":[{"href":"https:\/\/realsation.ch\/rollt\/wp-json\/wp\/v2\/pages"}],"about":[{"href":"https:\/\/realsation.ch\/rollt\/wp-json\/wp\/v2\/types\/page"}],"author":[{"embeddable":true,"href":"https:\/\/realsation.ch\/rollt\/wp-json\/wp\/v2\/users\/1"}],"replies":[{"embeddable":true,"href":"https:\/\/realsation.ch\/rollt\/wp-json\/wp\/v2\/comments?post=120"}],"version-history":[{"count":62,"href":"https:\/\/realsation.ch\/rollt\/wp-json\/wp\/v2\/pages\/120\/revisions"}],"predecessor-version":[{"id":233,"href":"https:\/\/realsation.ch\/rollt\/wp-json\/wp\/v2\/pages\/120\/revisions\/233"}],"wp:attachment":[{"href":"https:\/\/realsation.ch\/rollt\/wp-json\/wp\/v2\/media?parent=120"}],"curies":[{"name":"wp","href":"https:\/\/api.w.org\/{rel}","templated":true}]}}